{"id":11,"date":"2024-06-23T04:47:47","date_gmt":"2024-06-23T02:47:47","guid":{"rendered":"https:\/\/hagis.re\/index.php\/page-de-maintenance\/"},"modified":"2024-06-28T07:43:33","modified_gmt":"2024-06-28T05:43:33","slug":"page-de-maintenance","status":"publish","type":"page","link":"https:\/\/hagis.re\/","title":{"rendered":"HAGIS"},"content":{"rendered":"\n<div id=\"wp-block-themeisle-blocks-advanced-columns-0d617423\" class=\"wp-block-themeisle-blocks-advanced-columns alignfull has-1-columns has-desktop-equal-layout has-tablet-equal-layout has-mobile-equal-layout has-vertical-center has-light-bg\"><div class=\"wp-block-themeisle-blocks-advanced-columns-overlay\"><\/div><div class=\"innerblocks-wrap\">\n<div id=\"wp-block-themeisle-blocks-advanced-column-09847c7b\" class=\"wp-block-themeisle-blocks-advanced-column\"><div class=\"wp-block-image ticss-3f08ab9a\">\n<figure class=\"aligncenter size-full\"><img loading=\"lazy\" decoding=\"async\" width=\"200\" height=\"200\" src=\"http:\/\/hagis.re\/wp-content\/uploads\/2024\/06\/New-Logo-HAGIS-Nov-2022-200-\u00d7-200-px.png\" alt=\"\" class=\"wp-image-7\" srcset=\"https:\/\/hagis.re\/wp-content\/uploads\/2024\/06\/New-Logo-HAGIS-Nov-2022-200-\u00d7-200-px.png 200w, https:\/\/hagis.re\/wp-content\/uploads\/2024\/06\/New-Logo-HAGIS-Nov-2022-200-\u00d7-200-px-150x150.png 150w\" sizes=\"(max-width: 200px) 100vw, 200px\" \/><\/figure>\n<\/div>\n\n\n<h1 id=\"wp-block-themeisle-blocks-advanced-heading-84bfa495\" class=\"wp-block-themeisle-blocks-advanced-heading wp-block-themeisle-blocks-advanced-heading-84bfa495\">Site en maintenance<\/h1>\n\n\n\n<p id=\"wp-block-themeisle-blocks-advanced-heading-4956a7c6\" class=\"wp-block-themeisle-blocks-advanced-heading wp-block-themeisle-blocks-advanced-heading-4956a7c6\">Votre partenaire \u00e0 La R\u00e9union pour vous accompagner vers une transition   \u00e0 la FACTURATION ELECTRONIQUE<\/p>\n\n\n\n<p id=\"wp-block-themeisle-blocks-advanced-heading-f4700a9c\" class=\"wp-block-themeisle-blocks-advanced-heading wp-block-themeisle-blocks-advanced-heading-f4700a9c\">A tr\u00e8s bient\u00f4t !<\/p>\n<\/div>\n<\/div><\/div>\n\n\n\n<div id=\"wp-block-themeisle-blocks-advanced-columns-5d630746\" class=\"wp-block-themeisle-blocks-advanced-columns alignfull has-1-columns has-desktop-equal-layout has-tablet-equal-layout has-mobile-equal-layout has-vertical-center has-light-bg\"><div class=\"wp-block-themeisle-blocks-advanced-columns-overlay\"><\/div><div class=\"innerblocks-wrap\">\n<div id=\"wp-block-themeisle-blocks-advanced-column-e9363a5a\" class=\"wp-block-themeisle-blocks-advanced-column\">\n<div id=\"wp-block-themeisle-blocks-advanced-columns-cd4b7a17\" class=\"wp-block-themeisle-blocks-advanced-columns has-1-columns has-desktop-oneTwo-layout has-tablet-collapsedRows-layout has-mobile-collapsedRows-layout has-vertical-unset\"><div class=\"wp-block-themeisle-blocks-advanced-columns-overlay\"><\/div><div class=\"innerblocks-wrap\">\n<div id=\"wp-block-themeisle-blocks-advanced-column-31d8f751\" class=\"wp-block-themeisle-blocks-advanced-column\">\n<p class=\"has-x-large-font-size\"><i class=\"fas fa-envelope-open-text\"><\/i>    Nous Contacter<\/p>\n\n\n\n<p>Envoyez nous un message et nous reviendrons vers vous dans les plus brefs d\u00e9lais !<\/p>\n\n\n\n<p><i class=\"fas fa-phone\"><\/i>  +262 692 909 909<\/p>\n\n\n\n<p><i class=\"fas fa-envelope\"><\/i>   contact@hagis.re<\/p>\n\n\n\n<p><i class=\"fas fa-location-dot\"><\/i>   La pointe au Sel les bas, Saint-Leu (97436) La R\u00e9union<\/p>\n<\/div>\n<\/div><\/div>\n<\/div>\n<\/div><\/div>\n\n\n\n<p class=\"has-text-align-center\"><i class=\"far fa-registered\"><\/i> 2024 HAGIS<\/p>\n","protected":false},"excerpt":{"rendered":"<p>2024 HAGIS<\/p>\n","protected":false},"author":1,"featured_media":0,"parent":0,"menu_order":0,"comment_status":"closed","ping_status":"closed","template":"templates\/wpmm-page-template.php","meta":{"_themeisle_gutenberg_block_has_review":false,"footnotes":""},"class_list":["post-11","page","type-page","status-publish","hentry"],"_links":{"self":[{"href":"https:\/\/hagis.re\/index.php\/wp-json\/wp\/v2\/pages\/11","targetHints":{"allow":["GET"]}}],"collection":[{"href":"https:\/\/hagis.re\/index.php\/wp-json\/wp\/v2\/pages"}],"about":[{"href":"https:\/\/hagis.re\/index.php\/wp-json\/wp\/v2\/types\/page"}],"author":[{"embeddable":true,"href":"https:\/\/hagis.re\/index.php\/wp-json\/wp\/v2\/users\/1"}],"replies":[{"embeddable":true,"href":"https:\/\/hagis.re\/index.php\/wp-json\/wp\/v2\/comments?post=11"}],"version-history":[{"count":17,"href":"https:\/\/hagis.re\/index.php\/wp-json\/wp\/v2\/pages\/11\/revisions"}],"predecessor-version":[{"id":39,"href":"https:\/\/hagis.re\/index.php\/wp-json\/wp\/v2\/pages\/11\/revisions\/39"}],"wp:attachment":[{"href":"https:\/\/hagis.re\/index.php\/wp-json\/wp\/v2\/media?parent=11"}],"curies":[{"name":"wp","href":"https:\/\/api.w.org\/{rel}","templated":true}]}}